{"id":174,"date":"2017-12-04T10:34:39","date_gmt":"2017-12-04T16:34:39","guid":{"rendered":"https:\/\/profesionalizacionsjpa.anuies.mx\/?page_id=174"},"modified":"2018-02-12T13:14:31","modified_gmt":"2018-02-12T19:14:31","slug":"noticias_all","status":"publish","type":"page","link":"https:\/\/profesionalizacionsjpa.anuies.mx\/index.php\/noticias\/noticias_all\/","title":{"rendered":"Noticias"},"content":{"rendered":"<ul class=\"display-posts-listing\"><li class=\"listing-item\"><a class=\"image\" href=\"https:\/\/profesionalizacionsjpa.anuies.mx\/index.php\/2017\/08\/28\/abatir-pobreza-y-desigualdad-ayudara-a-revertir-el-desencanto-por-la-democracia-lideres-politicos\/\"><img width=\"300\" height=\"169\" src=\"https:\/\/profesionalizacionsjpa.anuies.mx\/wp-content\/uploads\/2017\/11\/P1460815-300x169.jpg\" class=\"attachment-medium size-medium wp-post-image\" alt=\"\" loading=\"lazy\" srcset=\"https:\/\/profesionalizacionsjpa.anuies.mx\/wp-content\/uploads\/2017\/11\/P1460815-300x169.jpg 300w, https:\/\/profesionalizacionsjpa.anuies.mx\/wp-content\/uploads\/2017\/11\/P1460815-768x432.jpg 768w, https:\/\/profesionalizacionsjpa.anuies.mx\/wp-content\/uploads\/2017\/11\/P1460815-1024x576.jpg 1024w, https:\/\/profesionalizacionsjpa.anuies.mx\/wp-content\/uploads\/2017\/11\/P1460815.jpg 1200w\" sizes=\"(max-width: 300px) 100vw, 300px\" \/><\/a> <a class=\"title\" href=\"https:\/\/profesionalizacionsjpa.anuies.mx\/index.php\/2017\/08\/28\/abatir-pobreza-y-desigualdad-ayudara-a-revertir-el-desencanto-por-la-democracia-lideres-politicos\/\">La ANUIES y la USAID firmaron acuerdo para \u201cProfesionalizaci\u00f3n\u00a0de operadores y comunicadores del Sistema\u00a0de Justicia Penal<\/a> <span class=\"date\">(8\/28\/2017)<\/span> <span class=\"excerpt-dash\">-<\/span> <span class=\"excerpt\">La Asociaci\u00f3n Nacional de Universidades\u00a0e Instituciones de Educaci\u00f3n Superior\u00a0(ANUIES) y la Agencia del Gobierno de los\u00a0Estados Unidos para el Desarrollo Internacional\u00a0(USAID) firmaron el pasado 28 de\u00a0agosto un acuerdo para \u201cProfesionalizaci\u00f3n\u00a0de operadores y comunicadores del Sistema\u00a0de Justicia Penal\u201d.<\/span><\/li><li class=\"listing-item\"><a class=\"image\" href=\"https:\/\/profesionalizacionsjpa.anuies.mx\/index.php\/2018\/04\/07\/firman-anuies-uas-y-fge-convenio-de-colaboracion-en-materia-de-profesionalizacion\/\"><img width=\"300\" height=\"200\" src=\"https:\/\/profesionalizacionsjpa.anuies.mx\/wp-content\/uploads\/2018\/04\/Captura-de-pantalla-2018-07-11-a-las-12.22.38-300x200.png\" class=\"attachment-medium size-medium wp-post-image\" alt=\"\" loading=\"lazy\" srcset=\"https:\/\/profesionalizacionsjpa.anuies.mx\/wp-content\/uploads\/2018\/04\/Captura-de-pantalla-2018-07-11-a-las-12.22.38-300x200.png 300w, https:\/\/profesionalizacionsjpa.anuies.mx\/wp-content\/uploads\/2018\/04\/Captura-de-pantalla-2018-07-11-a-las-12.22.38-272x182.png 272w, https:\/\/profesionalizacionsjpa.anuies.mx\/wp-content\/uploads\/2018\/04\/Captura-de-pantalla-2018-07-11-a-las-12.22.38.png 700w\" sizes=\"(max-width: 300px) 100vw, 300px\" \/><\/a> <a class=\"title\" href=\"https:\/\/profesionalizacionsjpa.anuies.mx\/index.php\/2018\/04\/07\/firman-anuies-uas-y-fge-convenio-de-colaboracion-en-materia-de-profesionalizacion\/\">Firman ANUIES, UAS y FGE convenio de colaboraci\u00f3n en materia de profesionalizaci\u00f3n<\/a> <span class=\"date\">(4\/7\/2018)<\/span> <span class=\"excerpt-dash\">-<\/span> <span class=\"excerpt\">La Asociaci\u00f3n Nacional de Universidades e Instituciones de Educaci\u00f3n Superior (ANUIES), la Universidad Aut\u00f3noma de Sinaloa (UAS), y la Fiscal\u00eda General del Estado (FGE) firmaron un convenio de colaboraci\u00f3n que tiene como objetivo impulsar la profesionalizaci\u00f3n de los servidores p\u00fablicos y operadores del nuevo Sistema de Justicia Penal en el Estado de Sinaloa. En su &hellip; <\/span><\/li><li class=\"listing-item\"><a class=\"image\" href=\"https:\/\/profesionalizacionsjpa.anuies.mx\/index.php\/2018\/06\/04\/inauguran-en-unacar-diplomado-en-actualizacion-para-facilitadores-de-mecanismos-alternativos-de-solucion-de-controversias-en-materia-penal\/\"><img width=\"300\" height=\"162\" src=\"https:\/\/profesionalizacionsjpa.anuies.mx\/wp-content\/uploads\/2018\/06\/sustituir-300x162.jpg\" class=\"attachment-medium size-medium wp-post-image\" alt=\"\" loading=\"lazy\" srcset=\"https:\/\/profesionalizacionsjpa.anuies.mx\/wp-content\/uploads\/2018\/06\/sustituir-300x162.jpg 300w, https:\/\/profesionalizacionsjpa.anuies.mx\/wp-content\/uploads\/2018\/06\/sustituir.jpg 768w\" sizes=\"(max-width: 300px) 100vw, 300px\" \/><\/a> <a class=\"title\" href=\"https:\/\/profesionalizacionsjpa.anuies.mx\/index.php\/2018\/06\/04\/inauguran-en-unacar-diplomado-en-actualizacion-para-facilitadores-de-mecanismos-alternativos-de-solucion-de-controversias-en-materia-penal\/\">Inauguran en UNACAR Diplomado en Actualizaci\u00f3n para Facilitadores de Mecanismos Alternativos de Soluci\u00f3n de Controversias en Materia Penal<\/a> <span class=\"date\">(6\/4\/2018)<\/span> <span class=\"excerpt-dash\">-<\/span> <span class=\"excerpt\">Inici\u00f3, en la Universidad Aut\u00f3noma del Carmen, UNACAR, el Diplomado de Profesionalizaci\u00f3n de operadores y comunicadores del Sistema de Justicia Penal, en la Actualizaci\u00f3n en Mecanismos Alternativos de Soluci\u00f3n de Controversias, MASc, en el cual se promover\u00e1, entre los facilitadores, la importancia de la conciliaci\u00f3n, mediaci\u00f3n y negociaci\u00f3n durante el proceso penal. \u00a0<\/span><\/li><li class=\"listing-item\"><a class=\"image\" href=\"https:\/\/profesionalizacionsjpa.anuies.mx\/index.php\/2018\/06\/06\/la-anuies-y-la-udec-profesionalizaran-operadores-del-sjp\/\"><img width=\"300\" height=\"199\" src=\"https:\/\/profesionalizacionsjpa.anuies.mx\/wp-content\/uploads\/2018\/06\/Captura-de-pantalla-2018-07-11-a-las-12.54.53-300x199.png\" class=\"attachment-medium size-medium wp-post-image\" alt=\"\" loading=\"lazy\" srcset=\"https:\/\/profesionalizacionsjpa.anuies.mx\/wp-content\/uploads\/2018\/06\/Captura-de-pantalla-2018-07-11-a-las-12.54.53-300x199.png 300w, https:\/\/profesionalizacionsjpa.anuies.mx\/wp-content\/uploads\/2018\/06\/Captura-de-pantalla-2018-07-11-a-las-12.54.53-768x509.png 768w, https:\/\/profesionalizacionsjpa.anuies.mx\/wp-content\/uploads\/2018\/06\/Captura-de-pantalla-2018-07-11-a-las-12.54.53.png 951w\" sizes=\"(max-width: 300px) 100vw, 300px\" \/><\/a> <a class=\"title\" href=\"https:\/\/profesionalizacionsjpa.anuies.mx\/index.php\/2018\/06\/06\/la-anuies-y-la-udec-profesionalizaran-operadores-del-sjp\/\">La ANUIES y la UdeC profesionalizar\u00e1n operadores del SJP<\/a> <span class=\"date\">(6\/6\/2018)<\/span> <span class=\"excerpt-dash\">-<\/span> <span class=\"excerpt\">\u2022Suscriben convenio de colaboraci\u00f3n para el fortalecimiento de las capacidades profesionales de los operadores del sistema de justicia penal. \u2022La formaci\u00f3n de capital humano, determinantes para el desarrollo y la modernizaci\u00f3n democr\u00e1tica de la naci\u00f3n: Jaime Valls Esponda. La reforma del Sistema de Justicia Penal ha avanzado aceleradamente en los aspectos materiales y de infraestructura. &hellip; <\/span><\/li><li class=\"listing-item\"><a class=\"image\" href=\"https:\/\/profesionalizacionsjpa.anuies.mx\/index.php\/2018\/06\/23\/finaliza-en-la-uabcs-el-diplomado-el-fiscal-en-el-sistema-de-justicia-penal\/\"><img width=\"300\" height=\"225\" src=\"https:\/\/profesionalizacionsjpa.anuies.mx\/wp-content\/uploads\/2018\/06\/36189226_237846723686093_5297120265807855616_n-300x225.jpg\" class=\"attachment-medium size-medium wp-post-image\" alt=\"\" loading=\"lazy\" srcset=\"https:\/\/profesionalizacionsjpa.anuies.mx\/wp-content\/uploads\/2018\/06\/36189226_237846723686093_5297120265807855616_n-300x225.jpg 300w, https:\/\/profesionalizacionsjpa.anuies.mx\/wp-content\/uploads\/2018\/06\/36189226_237846723686093_5297120265807855616_n-768x576.jpg 768w, https:\/\/profesionalizacionsjpa.anuies.mx\/wp-content\/uploads\/2018\/06\/36189226_237846723686093_5297120265807855616_n.jpg 960w\" sizes=\"(max-width: 300px) 100vw, 300px\" \/><\/a> <a class=\"title\" href=\"https:\/\/profesionalizacionsjpa.anuies.mx\/index.php\/2018\/06\/23\/finaliza-en-la-uabcs-el-diplomado-el-fiscal-en-el-sistema-de-justicia-penal\/\">Finaliza en la UABCS el diplomado \u201cEl Fiscal en el Sistema de Justicia Penal\u201d<\/a> <span class=\"date\">(6\/23\/2018)<\/span> <span class=\"excerpt-dash\">-<\/span> <span class=\"excerpt\">USAID, ANUIES y la UABCS, dieron por clausurado\u00a0el diplomado \u201cEl Fiscal en el Sistema de Justicia Penal\u201d que forma parte del Programa de Profesionalizaci\u00f3n de Operadores y Comunicadores en el Sistema de Justicia Penal, en compa\u00f1\u00eda de el Lic. Alvaro Castilla Gracia, en las instalaciones de nuestra m\u00e1xima casa de estudios extensi\u00f3n acad\u00e9mica La Paz.<\/span><\/li><li class=\"listing-item\"><a class=\"image\" href=\"https:\/\/profesionalizacionsjpa.anuies.mx\/index.php\/2018\/07\/07\/inicio-en-la-uabcs-el-diplomado-el-defensor-en-el-sistema-de-justicia-penal\/\"><img width=\"300\" height=\"225\" src=\"https:\/\/profesionalizacionsjpa.anuies.mx\/wp-content\/uploads\/2018\/07\/36816494_249366765867422_4912321514260398080_n-300x225.jpg\" class=\"attachment-medium size-medium wp-post-image\" alt=\"\" loading=\"lazy\" srcset=\"https:\/\/profesionalizacionsjpa.anuies.mx\/wp-content\/uploads\/2018\/07\/36816494_249366765867422_4912321514260398080_n-300x225.jpg 300w, https:\/\/profesionalizacionsjpa.anuies.mx\/wp-content\/uploads\/2018\/07\/36816494_249366765867422_4912321514260398080_n-768x576.jpg 768w, https:\/\/profesionalizacionsjpa.anuies.mx\/wp-content\/uploads\/2018\/07\/36816494_249366765867422_4912321514260398080_n.jpg 960w\" sizes=\"(max-width: 300px) 100vw, 300px\" \/><\/a> <a class=\"title\" href=\"https:\/\/profesionalizacionsjpa.anuies.mx\/index.php\/2018\/07\/07\/inicio-en-la-uabcs-el-diplomado-el-defensor-en-el-sistema-de-justicia-penal\/\">Inici\u00f3 en la UABCS el Diplomado \u201cEl Defensor en el Sistema de Justicia Penal\u201d<\/a> <span class=\"date\">(7\/7\/2018)<\/span> <span class=\"excerpt-dash\">-<\/span> <span class=\"excerpt\">USAID, ANUIES y la UABCS, a trav\u00e9s del Departamento Acad\u00e9mico de Ciencias Sociales y Jur\u00eddicas, el s\u00e1bado 07 de julio a las 9:00 hrs dieron por inaugurado el diplomado \u201cEl Defensor en el Sistema de Justicia Penal\u201d que forma parte del Programa de Profesionalizaci\u00f3n de Operadores y Comunicadores en el Sistema de Justicia Penal, en &hellip; <\/span><\/li><li class=\"listing-item\"><a class=\"title\" href=\"https:\/\/profesionalizacionsjpa.anuies.mx\/index.php\/2018\/08\/24\/ponen-en-marcha-el-diplomado-el-fiscal-en-el-sistema-de-justicia-penal\/\">Ponen en marcha el Diplomado \u201cEl Fiscal en el Sistema de Justicia Penal\u201d<\/a> <span class=\"date\">(8\/24\/2018)<\/span> <span class=\"excerpt-dash\">-<\/span> <span class=\"excerpt\">La Universidad Aut\u00f3noma de Sinaloa (UAS), la Asociaci\u00f3n Nacional de Universidades e Instituciones de Educaci\u00f3n Superior (ANUIES) y la Fiscal\u00eda General del Estado de Sinaloa (FGES) pusieron en marcha el Diplomado \u201cEl Fiscal en el Sistema de Justicia Penal\u201d, en el marco del Proyecto de Profesionalizaci\u00f3n de Operadores y Comunicadores del Sistema de Justicia Penal &hellip; <\/span><\/li><\/ul>\n","protected":false},"excerpt":{"rendered":"","protected":false},"author":1,"featured_media":0,"parent":148,"menu_order":0,"comment_status":"closed","ping_status":"closed","template":"","meta":[],"_links":{"self":[{"href":"https:\/\/profesionalizacionsjpa.anuies.mx\/index.php\/wp-json\/wp\/v2\/pages\/174"}],"collection":[{"href":"https:\/\/profesionalizacionsjpa.anuies.mx\/index.php\/wp-json\/wp\/v2\/pages"}],"about":[{"href":"https:\/\/profesionalizacionsjpa.anuies.mx\/index.php\/wp-json\/wp\/v2\/types\/page"}],"author":[{"embeddable":true,"href":"https:\/\/profesionalizacionsjpa.anuies.mx\/index.php\/wp-json\/wp\/v2\/users\/1"}],"replies":[{"embeddable":true,"href":"https:\/\/profesionalizacionsjpa.anuies.mx\/index.php\/wp-json\/wp\/v2\/comments?post=174"}],"version-history":[{"count":13,"href":"https:\/\/profesionalizacionsjpa.anuies.mx\/index.php\/wp-json\/wp\/v2\/pages\/174\/revisions"}],"predecessor-version":[{"id":189,"href":"https:\/\/profesionalizacionsjpa.anuies.mx\/index.php\/wp-json\/wp\/v2\/pages\/174\/revisions\/189"}],"up":[{"embeddable":true,"href":"https:\/\/profesionalizacionsjpa.anuies.mx\/index.php\/wp-json\/wp\/v2\/pages\/148"}],"wp:attachment":[{"href":"https:\/\/profesionalizacionsjpa.anuies.mx\/index.php\/wp-json\/wp\/v2\/media?parent=174"}],"curies":[{"name":"wp","href":"https:\/\/api.w.org\/{rel}","templated":true}]}}