{"id":212,"date":"2017-12-12T11:18:29","date_gmt":"2017-12-12T17:18:29","guid":{"rendered":"https:\/\/profesionalizacionsjpa.anuies.mx\/?page_id=212"},"modified":"2018-04-19T15:21:44","modified_gmt":"2018-04-19T21:21:44","slug":"temario","status":"publish","type":"page","link":"https:\/\/profesionalizacionsjpa.anuies.mx\/index.php\/temario\/","title":{"rendered":"Diplomados"},"content":{"rendered":"<div id=\"pl-212\"  class=\"panel-layout\" ><div id=\"pg-212-0\"  class=\"panel-grid panel-no-style\" ><div id=\"pgc-212-0-0\"  class=\"panel-grid-cell\" ><div id=\"panel-212-0-0-0\" class=\"so-panel widget widget_sow-editor panel-first-child panel-last-child\" data-index=\"0\" ><div class=\"panel-widget-style panel-widget-style-for-212-0-0-0\" ><div class=\"so-widget-sow-editor so-widget-sow-editor-base\">\n<div class=\"siteorigin-widget-tinymce textwidget\">\n\t<h5 style=\"text-align: center;\"><strong>El Fiscal\/MP en el Sistema de Justicia Penal<\/strong><\/h5>\n<p><strong><em><span style=\"font-size: 14pt;\">Objetivo <\/span><\/em><\/strong><\/p>\n<p style=\"text-align: justify;\"><span style=\"font-size: 14pt;\">Profesionalizar a fiscales (ministerios p\u00fablicos) para que fortalezcan sus conocimientos y habilidades con respecto al SJP y participen en el desarrollo de la investigaci\u00f3n inicial y complementaria, la etapa intermedia y el juicio oral, con el fin de realizar una persecuci\u00f3n penal consistente y detallada y llegar a una soluci\u00f3n del conflicto penal acorde a la ley.<\/span><\/p>\n<p><strong><em><span style=\"font-size: 14pt;\">Perfiles<\/span><\/em><\/strong><\/p>\n<ul>\n<li><span style=\"font-size: 14pt;\">Fiscales\/ministerios p\u00fablicos en funciones, secretario del ministerio p\u00fablico y operadores del sistema de justicia penal.<\/span><\/li>\n<li><span style=\"font-size: 14pt;\">Estudiantes de Derecho con 75% de cr\u00e9ditos concluidos y conocimiento del SJP.<\/span><\/li>\n<li><span style=\"font-size: 14pt;\">Profesionistas interesados con conocimientos m\u00ednimos del SJP.<\/span><\/li>\n<\/ul>\n<p><em>\u00a0<\/em><strong><em><span style=\"font-size: 14pt;\">Temario <\/span><\/em><\/strong><\/p>\n<ul>\n<li><span style=\"font-size: 14pt;\">Tronco com\u00fan<\/span><\/li>\n<li style=\"font-size: 14pt;\">Etapa de Investigaci\u00f3n<\/li>\n<li><span style=\"font-size: 14pt;\">Etapa Intermedia<\/span><\/li>\n<li><span style=\"font-size: 14pt;\">Etapa Juicio Oral<\/span><\/li>\n<\/ul>\n<\/div>\n<\/div><\/div><\/div><\/div><\/div><div id=\"pg-212-1\"  class=\"panel-grid panel-no-style\" ><div id=\"pgc-212-1-0\"  class=\"panel-grid-cell\" ><div id=\"panel-212-1-0-0\" class=\"so-panel widget widget_sow-editor panel-first-child panel-last-child\" data-index=\"1\" ><div class=\"panel-widget-style panel-widget-style-for-212-1-0-0\" ><div class=\"so-widget-sow-editor so-widget-sow-editor-base\">\n<div class=\"siteorigin-widget-tinymce textwidget\">\n\t<h5 style=\"text-align: center;\"><strong>El Asesor Jur\u00eddico de V\u00edctimas en el Sistema de Justicia Penal<\/strong><\/h5>\n<p><strong>\u00a0<em><span style=\"font-size: 14pt;\">Objetivo <\/span><\/em><\/strong><\/p>\n<p style=\"text-align: justify;\"><span style=\"font-size: 14pt;\">Profesionalizar a los asesores jur\u00eddicos en el proceso de justicia penal para que orienten y acompa\u00f1en a la v\u00edctima de un delito o de abuso de poder por medio del sustento jur\u00eddico y la aplicaci\u00f3n de estrategias y t\u00e9cnicas de litigio en el marco del SJP, con apego al derecho internacional sobre derechos humanos, cultura de la legalidad y g\u00e9nero, as\u00ed como para asesorar a la v\u00edctima y garantizar su derecho a la protecci\u00f3n, verdad, justicia y reparaci\u00f3n integral, asegurando la objetividad de la investigaci\u00f3n y el debido proceso.<\/span><\/p>\n<p><em>\u00a0<\/em><strong><em><span style=\"font-size: 14pt;\">Perfiles<\/span><\/em><\/strong><\/p>\n<ul>\n<li><span style=\"font-size: 14pt;\">Profesionistas con t\u00edtulo en Derecho.<\/span><\/li>\n<li><span style=\"font-size: 14pt;\">Estudiantes de Derecho con 75% de cr\u00e9ditos concluidos y conocimientos m\u00ednimos del SJP.<\/span><\/li>\n<li><span style=\"font-size: 14pt;\">Profesionistas o estudiantes, interesados en asesorar a v\u00edctimas, con licenciatura en sociolog\u00eda, psicolog\u00eda, ciencias pol\u00edticas, trabajo social, antropolog\u00eda, pedagog\u00eda o afines.<\/span><\/li>\n<\/ul>\n<p><em>\u00a0<\/em><strong><em><span style=\"font-size: 14pt;\">Temario<\/span><\/em><\/strong><\/p>\n<ul>\n<li><span style=\"font-size: 14pt;\">Tronco com\u00fan.<\/span><\/li>\n<li><span style=\"font-size: 14pt;\">Las personas en situaci\u00f3n de v\u00edctima del delito o de violaci\u00f3n de derechos humanos y las y los asesores jur\u00eddicos.<\/span><\/li>\n<li><span style=\"font-size: 14pt;\">La participaci\u00f3n de la y el Asesor Jur\u00eddico en el Proceso Penal.<\/span><\/li>\n<li><span style=\"font-size: 14pt;\">La o el Asesor Jur\u00eddico de personas en situaci\u00f3n de v\u00edctima de delito o de violaci\u00f3n de Derechos Humanos. Estrategias y acciones de la intervenci\u00f3n integral.<\/span><\/li>\n<\/ul>\n<\/div>\n<\/div><\/div><\/div><\/div><\/div><div id=\"pg-212-2\"  class=\"panel-grid panel-no-style\" ><div id=\"pgc-212-2-0\"  class=\"panel-grid-cell\" ><div id=\"panel-212-2-0-0\" class=\"so-panel widget widget_sow-editor panel-first-child panel-last-child\" data-index=\"2\" ><div class=\"panel-widget-style panel-widget-style-for-212-2-0-0\" ><div class=\"so-widget-sow-editor so-widget-sow-editor-base\">\n<div class=\"siteorigin-widget-tinymce textwidget\">\n\t<h5 style=\"text-align: center;\"><strong>El Defensor en el Sistema de Justicia Penal<\/strong><\/h5>\n<p><strong><em><span style=\"font-size: 14pt;\">Objetivo <\/span><\/em><\/strong><\/p>\n<p style=\"text-align: justify;\"><span style=\"font-size: 14pt;\">Profesionalizar a los defensores en el proceso de justicia penal para que representen jur\u00eddicamente al imputado durante todo el proceso, donde permee la correcta aplicaci\u00f3n del sistema de justicia tomando en cuenta los derechos de la v\u00edctima y de todos los involucrados, partiendo de la presunci\u00f3n de inocencia y el principio pro-persona del imputado, para fortalecer el debido proceso y la impartici\u00f3n de justicia de manera expedita.<\/span><\/p>\n<p><strong><em><span style=\"font-size: 14pt;\">Perfiles<\/span><\/em><\/strong><\/p>\n<ul>\n<li><span style=\"font-size: 14pt;\">Defensores p\u00fablicos y privados.<\/span><\/li>\n<li><span style=\"font-size: 14pt;\">Profesionistas con t\u00edtulo en Derecho.<\/span><\/li>\n<li><span style=\"font-size: 14pt;\">Estudiantes con 75% de cr\u00e9ditos concluidos con conocimientos m\u00ednimos del SJP.<\/span><\/li>\n<li><span style=\"font-size: 14pt;\">Profesionistas interesados con conocimientos m\u00ednimos del SJP.<\/span><\/li>\n<\/ul>\n<p><strong><em><span style=\"font-size: 14pt;\">Temario<\/span><\/em><\/strong><\/p>\n<ul>\n<li><span style=\"font-size: 14pt;\">Tronco com\u00fan.<\/span><\/li>\n<li><span style=\"font-size: 14pt;\">Etapa de Investigaci\u00f3n.<\/span><\/li>\n<li><span style=\"font-size: 14pt;\">Etapa Intermedia.<\/span><\/li>\n<li><span style=\"font-size: 14pt;\">Etapa Juicio Oral.<\/span><\/li>\n<\/ul>\n<\/div>\n<\/div><\/div><\/div><\/div><\/div><div id=\"pg-212-3\"  class=\"panel-grid panel-no-style\" ><div id=\"pgc-212-3-0\"  class=\"panel-grid-cell\" ><div id=\"panel-212-3-0-0\" class=\"so-panel widget widget_sow-editor panel-first-child panel-last-child\" data-index=\"3\" ><div class=\"panel-widget-style panel-widget-style-for-212-3-0-0\" ><div class=\"so-widget-sow-editor so-widget-sow-editor-base\">\n<div class=\"siteorigin-widget-tinymce textwidget\">\n\t<h5 style=\"text-align: center;\"><strong>Actualizaci\u00f3n en Mecanismos Alternativos de Soluci\u00f3n de Controversias en Materia Penal<\/strong><\/h5>\n<p><strong>\u00a0<em><span style=\"font-size: 14pt;\">Objetivo <\/span><\/em><\/strong><\/p>\n<p style=\"text-align: justify;\"><span style=\"font-size: 14pt;\">Profesionalizar a los facilitadores en MASC a efecto de que desarrollen mecanismos de conciliaci\u00f3n, mediaci\u00f3n y junta restaurativa durante todo el proceso penal, asegurando el acuerdo reparatorio y el plan de reparaci\u00f3n, conforme a los principios de voluntariedad, confidencialidad, flexibilidad, informaci\u00f3n, imparcialidad, equidad y honestidad.<\/span><\/p>\n<p><strong><em><span style=\"font-size: 14pt;\">Perfiles<\/span><\/em><\/strong><\/p>\n<ul>\n<li><span style=\"font-size: 14pt;\">Facilitadores en activo.<\/span><\/li>\n<li><span style=\"font-size: 14pt;\">Profesionistas interesados en profundizar en el conocimiento y pr\u00e1ctica de los MASC.<\/span><\/li>\n<li><span style=\"font-size: 14pt;\">Profesionistas en Derecho o licenciaturas afines al perfil de facilitador que cuenten con t\u00edtulo y c\u00e9dula profesional.<\/span><\/li>\n<li><span style=\"font-size: 14pt;\">Interesados con el 75% de los cr\u00e9ditos en Derecho y perfiles afines al del facilitador, relacionados con prevenci\u00f3n, gesti\u00f3n o soluci\u00f3n de conflictos.<\/span><\/li>\n<li><span style=\"font-size: 14pt;\">Interesados en adquirir conocimientos, habilidades y actitudes que requiere el proceso para la resoluci\u00f3n de conflictos penales a trav\u00e9s de la conciliaci\u00f3n, mediaci\u00f3n o negociaci\u00f3n.<\/span><\/li>\n<\/ul>\n<p><strong><em><span style=\"font-size: 14pt;\">Temario <\/span><\/em><\/strong><\/p>\n<ul>\n<li><span style=\"font-size: 14pt;\">Tronco com\u00fan.<\/span><\/li>\n<li><span style=\"font-size: 14pt;\">Ubicaci\u00f3n de los MASC en el sistema de justicia penal.<\/span><\/li>\n<li><span style=\"font-size: 14pt;\">Justicia restaurativa.<\/span><\/li>\n<li><span style=\"font-size: 14pt;\">Conflicto y MASC.<\/span><\/li>\n<li><span style=\"font-size: 14pt;\">Conciliaci\u00f3n y Mediaci\u00f3n en Materia Penal.<\/span><\/li>\n<li><span style=\"font-size: 14pt;\">Juntas Restaurativas.<\/span><\/li>\n<li><span style=\"font-size: 14pt;\">Soluciones Alternas.<\/span><\/li>\n<\/ul>\n<\/div>\n<\/div><\/div><\/div><\/div><\/div><\/div>","protected":false},"excerpt":{"rendered":"<p>El Fiscal\/MP en el Sistema de Justicia Penal Objetivo Profesionalizar a fiscales (ministerios p\u00fablicos) para que fortalezcan sus conocimientos y habilidades con respecto al SJP y participen en el desarrollo de la investigaci\u00f3n inicial y complementaria, la etapa intermedia y el juicio oral, con el fin de realizar una persecuci\u00f3n penal consistente y detallada y &hellip; <\/p>\n","protected":false},"author":1,"featured_media":0,"parent":0,"menu_order":0,"comment_status":"closed","ping_status":"closed","template":"","meta":[],"_links":{"self":[{"href":"https:\/\/profesionalizacionsjpa.anuies.mx\/index.php\/wp-json\/wp\/v2\/pages\/212"}],"collection":[{"href":"https:\/\/profesionalizacionsjpa.anuies.mx\/index.php\/wp-json\/wp\/v2\/pages"}],"about":[{"href":"https:\/\/profesionalizacionsjpa.anuies.mx\/index.php\/wp-json\/wp\/v2\/types\/page"}],"author":[{"embeddable":true,"href":"https:\/\/profesionalizacionsjpa.anuies.mx\/index.php\/wp-json\/wp\/v2\/users\/1"}],"replies":[{"embeddable":true,"href":"https:\/\/profesionalizacionsjpa.anuies.mx\/index.php\/wp-json\/wp\/v2\/comments?post=212"}],"version-history":[{"count":88,"href":"https:\/\/profesionalizacionsjpa.anuies.mx\/index.php\/wp-json\/wp\/v2\/pages\/212\/revisions"}],"predecessor-version":[{"id":629,"href":"https:\/\/profesionalizacionsjpa.anuies.mx\/index.php\/wp-json\/wp\/v2\/pages\/212\/revisions\/629"}],"wp:attachment":[{"href":"https:\/\/profesionalizacionsjpa.anuies.mx\/index.php\/wp-json\/wp\/v2\/media?parent=212"}],"curies":[{"name":"wp","href":"https:\/\/api.w.org\/{rel}","templated":true}]}}