{"id":260,"date":"2018-01-18T10:16:38","date_gmt":"2018-01-18T16:16:38","guid":{"rendered":"https:\/\/profesionalizacionsjpa.anuies.mx\/?page_id=260"},"modified":"2018-02-12T13:06:47","modified_gmt":"2018-02-12T19:06:47","slug":"modelo-educativo","status":"publish","type":"page","link":"https:\/\/profesionalizacionsjpa.anuies.mx\/index.php\/modelo-educativo\/","title":{"rendered":"Modelo educativo"},"content":{"rendered":"<div id=\"pl-260\"  class=\"panel-layout\" ><div id=\"pg-260-0\"  class=\"panel-grid panel-no-style\" ><div id=\"pgc-260-0-0\"  class=\"panel-grid-cell\" ><div id=\"panel-260-0-0-0\" class=\"so-panel widget widget_sow-editor panel-first-child panel-last-child\" data-index=\"0\" ><div class=\"so-widget-sow-editor so-widget-sow-editor-base\">\n<div class=\"siteorigin-widget-tinymce textwidget\">\n\t<p style=\"text-align: justify;\"><span style=\"font-size: 14pt;\">Los diplomados de este proyecto se plantean desde una propuesta educativa centrada en el aprendiz. Est\u00e1n orientados a que el alumno se acerque al SJP, no s\u00f3lo desde el conocimiento te\u00f3rico de las leyes que la sustentan, sino desde su aplicaci\u00f3n, para lo cual se recurre a diversas actividades con metodolog\u00edas activas como centro de su proceso de aprendizaje, acompa\u00f1ado del docente, recursos y claridad en los objetivos de la ense\u00f1anza. Asimismo, el modelo toma en cuenta las siguientes l\u00edneas curriculares:<strong style=\"font-size: 1rem;\">\u00a0<\/strong><\/span><\/p>\n<\/div>\n<\/div><\/div><\/div><\/div><div id=\"pg-260-1\"  class=\"panel-grid panel-no-style\" ><div id=\"pgc-260-1-0\"  class=\"panel-grid-cell\" ><div id=\"panel-260-1-0-0\" class=\"so-panel widget widget_sow-editor panel-first-child panel-last-child\" data-index=\"1\" ><div class=\"panel-widget-style panel-widget-style-for-260-1-0-0\" ><div class=\"so-widget-sow-editor so-widget-sow-editor-base\">\n<div class=\"siteorigin-widget-tinymce textwidget\">\n\t<p><span style=\"font-size: 13pt;\"><img loading=\"lazy\" class=\" wp-image-315 alignleft\" src=\"https:\/\/profesionalizacionsjpa.anuies.mx\/wp-content\/uploads\/2018\/01\/connections-1-300x225.png\" alt=\"\" width=\"301\" height=\"226\" srcset=\"https:\/\/profesionalizacionsjpa.anuies.mx\/wp-content\/uploads\/2018\/01\/connections-1-300x225.png 300w, https:\/\/profesionalizacionsjpa.anuies.mx\/wp-content\/uploads\/2018\/01\/connections-1.png 448w\" sizes=\"(max-width: 301px) 100vw, 301px\" \/><\/span><\/p>\n<p><span style=\"font-size: 13pt;\">Abordaje de los temas desde la perspectiva de sistema donde se entiendan los v\u00ednculos y repercusiones entre las acciones y los actores involucrados en el proceso penal.<\/span><\/p>\n<p><span style=\"font-size: 13pt;\">Consideraci\u00f3n de elementos transversales como perspectiva de g\u00e9nero, derechos humanos, cultura de la legalidad y victimolog\u00eda.<\/span><\/p>\n<p><span style=\"font-size: 13pt;\">Promoci\u00f3n del an\u00e1lisis y discusi\u00f3n sobre c\u00f3mo se presenta, percibe o discute el SJP en la sociedad, medios de comunicaci\u00f3n, pol\u00edtica y en el propio sistema jur\u00eddico.<\/span><\/p>\n<p><span style=\"font-size: 13pt;\">Inclusi\u00f3n de las necesidades sobre problemas particulares de aplicaci\u00f3n del SJP (grupos vulnerables).<\/span><\/p>\n<\/div>\n<\/div><\/div><\/div><\/div><\/div><\/div>","protected":false},"excerpt":{"rendered":"<p>Los diplomados de este proyecto se plantean desde una propuesta educativa centrada en el aprendiz. Est\u00e1n orientados a que el alumno se acerque al SJP, no s\u00f3lo desde el conocimiento te\u00f3rico de las leyes que la sustentan, sino desde su aplicaci\u00f3n, para lo cual se recurre a diversas actividades con metodolog\u00edas activas como centro de &hellip; <\/p>\n","protected":false},"author":1,"featured_media":0,"parent":0,"menu_order":0,"comment_status":"closed","ping_status":"closed","template":"","meta":[],"_links":{"self":[{"href":"https:\/\/profesionalizacionsjpa.anuies.mx\/index.php\/wp-json\/wp\/v2\/pages\/260"}],"collection":[{"href":"https:\/\/profesionalizacionsjpa.anuies.mx\/index.php\/wp-json\/wp\/v2\/pages"}],"about":[{"href":"https:\/\/profesionalizacionsjpa.anuies.mx\/index.php\/wp-json\/wp\/v2\/types\/page"}],"author":[{"embeddable":true,"href":"https:\/\/profesionalizacionsjpa.anuies.mx\/index.php\/wp-json\/wp\/v2\/users\/1"}],"replies":[{"embeddable":true,"href":"https:\/\/profesionalizacionsjpa.anuies.mx\/index.php\/wp-json\/wp\/v2\/comments?post=260"}],"version-history":[{"count":45,"href":"https:\/\/profesionalizacionsjpa.anuies.mx\/index.php\/wp-json\/wp\/v2\/pages\/260\/revisions"}],"predecessor-version":[{"id":498,"href":"https:\/\/profesionalizacionsjpa.anuies.mx\/index.php\/wp-json\/wp\/v2\/pages\/260\/revisions\/498"}],"wp:attachment":[{"href":"https:\/\/profesionalizacionsjpa.anuies.mx\/index.php\/wp-json\/wp\/v2\/media?parent=260"}],"curies":[{"name":"wp","href":"https:\/\/api.w.org\/{rel}","templated":true}]}}